{"id":3098,"date":"2025-07-09T08:10:47","date_gmt":"2025-07-09T06:10:47","guid":{"rendered":"https:\/\/engineering-automation.de\/?page_id=3098"},"modified":"2025-07-21T16:09:42","modified_gmt":"2025-07-21T14:09:42","slug":"impressum","status":"publish","type":"page","link":"https:\/\/engineering-automation.de\/en\/impressum\/","title":{"rendered":"Impressum"},"content":{"rendered":"<div data-elementor-type=\"wp-page\" data-elementor-id=\"3098\" class=\"elementor elementor-3098\" data-elementor-post-type=\"page\">\n\t\t\t\t<div class=\"elementor-element elementor-element-3f5c206 e-flex e-con-boxed e-con e-parent\" data-id=\"3f5c206\" data-element_type=\"container\" data-e-type=\"container\" data-settings=\"{&quot;background_background&quot;:&quot;classic&quot;}\">\n\t\t\t\t\t<div class=\"e-con-inner\">\n\t\t<div class=\"elementor-element elementor-element-e56151f e-con-full e-flex e-con e-child\" data-id=\"e56151f\" data-element_type=\"container\" data-e-type=\"container\">\n\t\t\t\t<div class=\"elementor-element elementor-element-72665e8 elementor-widget elementor-widget-heading\" data-id=\"72665e8\" data-element_type=\"widget\" data-e-type=\"widget\" data-widget_type=\"heading.default\">\n\t\t\t\t<div class=\"elementor-widget-container\">\n\t\t\t\t\t<h2 class=\"elementor-heading-title elementor-size-default\">Alles \u00fcber uns<\/h2>\t\t\t\t<\/div>\n\t\t\t\t<\/div>\n\t\t\t\t<div class=\"elementor-element elementor-element-f36670c elementor-widget__width-inherit elementor-widget elementor-widget-heading\" data-id=\"f36670c\" data-element_type=\"widget\" data-e-type=\"widget\" data-widget_type=\"heading.default\">\n\t\t\t\t<div class=\"elementor-widget-container\">\n\t\t\t\t\t<h3 class=\"elementor-heading-title elementor-size-default\"><span style=\"background: #fff\">Impressum<\/span><\/h3>\t\t\t\t<\/div>\n\t\t\t\t<\/div>\n\t\t\t\t<div class=\"elementor-element elementor-element-2d32795 elementor-widget elementor-widget-text-editor\" data-id=\"2d32795\" data-element_type=\"widget\" data-e-type=\"widget\" data-widget_type=\"text-editor.default\">\n\t\t\t\t<div class=\"elementor-widget-container\">\n\t\t\t\t\t\t\t\t\t<h3>Wer wir sind<\/h3><p>Das<br \/><strong>Fraunhofer Institute for Mechatronic Systems Design IEM<\/strong><br \/><strong>Zukunftsmeile 1<\/strong><br \/><strong>33102 Paderborn, Germany<\/strong><\/p><p><strong>Telefon: +49 5251 5465-101<\/strong><br \/><strong>Fax: +49 5251 5465-102<\/strong><\/p><p>ist eine rechtlich nicht selbstst\u00e4ndige Einrichtung der<\/p><p>Fraunhofer-Gesellschaft zur F\u00f6rderung der angewandten Forschung e.V.<br \/>Hansastra\u00dfe 27 c<br \/>80686 M\u00fcnchen<br \/>Internet: <a href=\"http:\/\/www.fraunhofer.de\">www.fraunhofer.de<\/a><br \/>E-Mail: <a href=\"mailto:info@zv.fraunhofer.de\">info@zv.fraunhofer.de<\/a><\/p><p>Verantwortliche Redakteurin: Giulia Neumann<br \/>E-Mail: <a href=\"mailto:giulia.neumann@iem.fraunhofer.de\">giulia.neumann@iem.fraunhofer.de<\/a><\/p><p>Umsatzsteuer-Identifikationsnummer gem\u00e4\u00df \u00a7 27 a<br \/>Umsatzsteuergesetz: DE 129515865<\/p><p>Registergericht<br \/>Amtsgericht M\u00fcnchen<br \/>Eingetragener Verein<br \/>Register-Nr. VR 4461<\/p><p><strong>Vorstand<\/strong><br \/><strong>Prof. Dr.-Ing. Holger Hanselka<\/strong> | Pr\u00e4sident<br \/><strong>Prof. Dr. Constantin H\u00e4fner<\/strong> | Mitglied des Vorstands<br \/><strong>Prof. Dr. Axel M\u00fcller-Groeling<\/strong> | Mitglied des Vorstands<br \/><strong>Elisabeth Ewen<\/strong> | Mitglied des Vorstands<br \/><strong>Dr. Sandra Krey<\/strong> | Mitglied des Vorstands<\/p><p><strong>Nutzungsrechte<\/strong>:<\/p><p>Copyright \u00a9 by Fraunhofer-Gesellschaft<\/p><p>Alle Rechte vorbehalten. Die Urheberrechte dieser Webseite liegen vollst\u00e4ndig bei der Fraunhofer-Gesellschaft.<br \/>Ein Download oder Ausdruck dieser Ver\u00f6ffentlichungen ist ausschlie\u00dflich f\u00fcr den pers\u00f6nlichen Gebrauch gestattet. Alle dar\u00fcber hinaus gehenden Verwendungen, insbesondere die kommerzielle Nutzung und Verbreitung, sind grunds\u00e4tzlich nicht gestattet und bed\u00fcrfen der schriftlichen Genehmigung.<\/p><p>Ein Download oder Ausdruck ist dar\u00fcber hinaus lediglich zum Zweck der Berichterstattung \u00fcber die Fraunhofer-Gesellschaft und ihrer Institute nach Ma\u00dfgabe untenstehender Nutzungsbedingungen gestattet:<\/p><p>Grafische Ver\u00e4nderungen an Bildmotiven \u2013 au\u00dfer zum Freistellen des Hauptmotivs \u2013 sind nicht gestattet. Es ist stets die Quellenangabe und \u00dcbersendung von zwei kostenlosen Belegexemplaren an die oben genannte Adresse erforderlich. Die Verwendung ist honorarfrei.<\/p><p><strong>Haftungshinweis:<\/strong><\/p><p>Wir \u00fcbernehmen keine Haftung f\u00fcr die Inhalte externer Links. F\u00fcr den Inhalt der verlinkten Seiten sind ausschlie\u00dflich deren Betreiber verantwortlich.<\/p><p>Wir sind bem\u00fcht, das Webangebot stets aktuell und inhaltlich richtig sowie vollst\u00e4ndig anzubieten. Dennoch ist das Auftreten von Fehlern nicht v\u00f6llig auszuschlie\u00dfen. Das Fraunhofer-Institut bzw. die Fraunhofer-Gesellschaft \u00fcbernimmt keine Haftung f\u00fcr die Aktualit\u00e4t, die inhaltliche Richtigkeit sowie f\u00fcr die Vollst\u00e4ndigkeit der in ihrem Webangebot eingestellten Informationen. Dies bezieht sich auf eventuelle Sch\u00e4den materieller oder ideeller Art Dritter, die durch die Nutzung dieses Webangebotes verursacht wurden.<\/p><p>Gesch\u00fctzte Marken und Namen, Bilder und Texte werden auf unseren Seiten in der Regel nicht als solche kenntlich gemacht. Das Fehlen einer solchen Kennzeichnung bedeutet jedoch nicht, dass es sich um einen freien Namen, ein freies Bild oder einen freien Text im Sinne des Markenzeichenrechts handelt.<\/p><p><b>Produktion der Internetseite:<br \/><\/b><a href=\"https:\/\/design-7.de\/\">DESIGN 7 Frank Korsch \u2013 Webdesign Paderborn<\/a><\/p>\t\t\t\t\t\t\t\t<\/div>\n\t\t\t\t<\/div>\n\t\t\t\t<\/div>\n\t\t\t\t\t<\/div>\n\t\t\t\t<\/div>\n\t\t\t\t<\/div>","protected":false},"excerpt":{"rendered":"<p>Alles \u00fcber uns Impressum Wer wir sind DasFraunhofer-Institut f\u00fcr Entwurfstechnik Mechatronik IEMZukunftsmeile 133102 Paderborn Telefon: +49 5251 5465-101Fax: +49 5251 5465-102 ist eine rechtlich nicht selbstst\u00e4ndige Einrichtung der Fraunhofer-Gesellschaft zur F\u00f6rderung der angewandten Forschung e.V.Hansastra\u00dfe 27 c80686 M\u00fcnchenInternet: www.fraunhofer.deE-Mail: info@zv.fraunhofer.de Verantwortliche Redakteurin: Giulia NeumannE-Mail: giulia.neumann@iem.fraunhofer.de Umsatzsteuer-Identifikationsnummer gem\u00e4\u00df \u00a7 27 aUmsatzsteuergesetz: DE 129515865 RegistergerichtAmtsgericht M\u00fcnchenEingetragener VereinRegister-Nr. [&hellip;]<\/p>\n","protected":false},"author":2,"featured_media":0,"parent":0,"menu_order":0,"comment_status":"closed","ping_status":"closed","template":"elementor_header_footer","meta":{"_acf_changed":false,"inline_featured_image":false,"footnotes":""},"class_list":["post-3098","page","type-page","status-publish","hentry"],"acf":[],"yoast_head":"<!-- This site is optimized with the Yoast SEO plugin v27.4 - https:\/\/yoast.com\/product\/yoast-seo-wordpress\/ -->\n<title>Impressum | Leistungszentrum Engineering Automation<\/title>\n<meta name=\"description\" content=\"Das Fraunhofer-Institut f\u00fcr Entwurfstechnik Mechatronik IEM ist eine rechtlich nicht selbstst\u00e4ndige Einrichtung der Fraunhofer-Gesellschaft.\" \/>\n<meta name=\"robots\" content=\"index, follow, max-snippet:-1, max-image-preview:large, max-video-preview:-1\" \/>\n<link rel=\"canonical\" href=\"https:\/\/engineering-automation.de\/en\/impressum\/\" \/>\n<meta property=\"og:locale\" content=\"en_GB\" \/>\n<meta property=\"og:type\" content=\"article\" \/>\n<meta property=\"og:title\" content=\"Impressum | Leistungszentrum Engineering Automation\" \/>\n<meta property=\"og:description\" content=\"Das Fraunhofer-Institut f\u00fcr Entwurfstechnik Mechatronik IEM ist eine rechtlich nicht selbstst\u00e4ndige Einrichtung der Fraunhofer-Gesellschaft.\" \/>\n<meta property=\"og:url\" content=\"https:\/\/engineering-automation.de\/en\/impressum\/\" \/>\n<meta property=\"og:site_name\" content=\"Leistungszentrum Engineering Automation\" \/>\n<meta property=\"article:modified_time\" content=\"2025-07-21T14:09:42+00:00\" \/>\n<meta name=\"twitter:card\" content=\"summary_large_image\" \/>\n<meta name=\"twitter:label1\" content=\"Estimated reading time\" \/>\n\t<meta name=\"twitter:data1\" content=\"2 minutes\" \/>\n<script type=\"application\/ld+json\" class=\"yoast-schema-graph\">{\"@context\":\"https:\\\/\\\/schema.org\",\"@graph\":[{\"@type\":\"WebPage\",\"@id\":\"https:\\\/\\\/engineering-automation.de\\\/impressum\\\/\",\"url\":\"https:\\\/\\\/engineering-automation.de\\\/impressum\\\/\",\"name\":\"Impressum | Leistungszentrum Engineering Automation\",\"isPartOf\":{\"@id\":\"https:\\\/\\\/engineering-automation.de\\\/#website\"},\"datePublished\":\"2025-07-09T06:10:47+00:00\",\"dateModified\":\"2025-07-21T14:09:42+00:00\",\"description\":\"Das Fraunhofer-Institut f\u00fcr Entwurfstechnik Mechatronik IEM ist eine rechtlich nicht selbstst\u00e4ndige Einrichtung der Fraunhofer-Gesellschaft.\",\"breadcrumb\":{\"@id\":\"https:\\\/\\\/engineering-automation.de\\\/impressum\\\/#breadcrumb\"},\"inLanguage\":\"en-GB\",\"potentialAction\":[{\"@type\":\"ReadAction\",\"target\":[\"https:\\\/\\\/engineering-automation.de\\\/impressum\\\/\"]}]},{\"@type\":\"BreadcrumbList\",\"@id\":\"https:\\\/\\\/engineering-automation.de\\\/impressum\\\/#breadcrumb\",\"itemListElement\":[{\"@type\":\"ListItem\",\"position\":1,\"name\":\"Home\",\"item\":\"https:\\\/\\\/engineering-automation.de\\\/\"},{\"@type\":\"ListItem\",\"position\":2,\"name\":\"Impressum\"}]},{\"@type\":\"WebSite\",\"@id\":\"https:\\\/\\\/engineering-automation.de\\\/#website\",\"url\":\"https:\\\/\\\/engineering-automation.de\\\/\",\"name\":\"Leistungszentrum Engineering Automation\",\"description\":\"Engineering Automation neu denken \u2013 Innovationen f\u00fcr die Industrie von morgen\",\"publisher\":{\"@id\":\"https:\\\/\\\/engineering-automation.de\\\/#organization\"},\"potentialAction\":[{\"@type\":\"SearchAction\",\"target\":{\"@type\":\"EntryPoint\",\"urlTemplate\":\"https:\\\/\\\/engineering-automation.de\\\/?s={search_term_string}\"},\"query-input\":{\"@type\":\"PropertyValueSpecification\",\"valueRequired\":true,\"valueName\":\"search_term_string\"}}],\"inLanguage\":\"en-GB\"},{\"@type\":\"Organization\",\"@id\":\"https:\\\/\\\/engineering-automation.de\\\/#organization\",\"name\":\"Leistungszentrum Engineering Automation\",\"url\":\"https:\\\/\\\/engineering-automation.de\\\/\",\"logo\":{\"@type\":\"ImageObject\",\"inLanguage\":\"en-GB\",\"@id\":\"https:\\\/\\\/engineering-automation.de\\\/#\\\/schema\\\/logo\\\/image\\\/\",\"url\":\"https:\\\/\\\/engineering-automation.de\\\/wp-content\\\/uploads\\\/2025\\\/05\\\/ENGINEERING-AUTOMATION_LOGO_FINAL.svg\",\"contentUrl\":\"https:\\\/\\\/engineering-automation.de\\\/wp-content\\\/uploads\\\/2025\\\/05\\\/ENGINEERING-AUTOMATION_LOGO_FINAL.svg\",\"width\":814,\"height\":400,\"caption\":\"Leistungszentrum Engineering Automation\"},\"image\":{\"@id\":\"https:\\\/\\\/engineering-automation.de\\\/#\\\/schema\\\/logo\\\/image\\\/\"}}]}<\/script>\n<!-- \/ Yoast SEO plugin. -->","yoast_head_json":{"title":"Impressum | Leistungszentrum Engineering Automation","description":"Das Fraunhofer-Institut f\u00fcr Entwurfstechnik Mechatronik IEM ist eine rechtlich nicht selbstst\u00e4ndige Einrichtung der Fraunhofer-Gesellschaft.","robots":{"index":"index","follow":"follow","max-snippet":"max-snippet:-1","max-image-preview":"max-image-preview:large","max-video-preview":"max-video-preview:-1"},"canonical":"https:\/\/engineering-automation.de\/en\/impressum\/","og_locale":"en_GB","og_type":"article","og_title":"Impressum | Leistungszentrum Engineering Automation","og_description":"Das Fraunhofer-Institut f\u00fcr Entwurfstechnik Mechatronik IEM ist eine rechtlich nicht selbstst\u00e4ndige Einrichtung der Fraunhofer-Gesellschaft.","og_url":"https:\/\/engineering-automation.de\/en\/impressum\/","og_site_name":"Leistungszentrum Engineering Automation","article_modified_time":"2025-07-21T14:09:42+00:00","twitter_card":"summary_large_image","twitter_misc":{"Estimated reading time":"2 minutes"},"schema":{"@context":"https:\/\/schema.org","@graph":[{"@type":"WebPage","@id":"https:\/\/engineering-automation.de\/impressum\/","url":"https:\/\/engineering-automation.de\/impressum\/","name":"Impressum | Leistungszentrum Engineering Automation","isPartOf":{"@id":"https:\/\/engineering-automation.de\/#website"},"datePublished":"2025-07-09T06:10:47+00:00","dateModified":"2025-07-21T14:09:42+00:00","description":"Das Fraunhofer-Institut f\u00fcr Entwurfstechnik Mechatronik IEM ist eine rechtlich nicht selbstst\u00e4ndige Einrichtung der Fraunhofer-Gesellschaft.","breadcrumb":{"@id":"https:\/\/engineering-automation.de\/impressum\/#breadcrumb"},"inLanguage":"en-GB","potentialAction":[{"@type":"ReadAction","target":["https:\/\/engineering-automation.de\/impressum\/"]}]},{"@type":"BreadcrumbList","@id":"https:\/\/engineering-automation.de\/impressum\/#breadcrumb","itemListElement":[{"@type":"ListItem","position":1,"name":"Home","item":"https:\/\/engineering-automation.de\/"},{"@type":"ListItem","position":2,"name":"Impressum"}]},{"@type":"WebSite","@id":"https:\/\/engineering-automation.de\/#website","url":"https:\/\/engineering-automation.de\/","name":"Leistungszentrum Engineering Automation","description":"Engineering Automation neu denken \u2013 Innovationen f\u00fcr die Industrie von morgen","publisher":{"@id":"https:\/\/engineering-automation.de\/#organization"},"potentialAction":[{"@type":"SearchAction","target":{"@type":"EntryPoint","urlTemplate":"https:\/\/engineering-automation.de\/?s={search_term_string}"},"query-input":{"@type":"PropertyValueSpecification","valueRequired":true,"valueName":"search_term_string"}}],"inLanguage":"en-GB"},{"@type":"Organization","@id":"https:\/\/engineering-automation.de\/#organization","name":"Leistungszentrum Engineering Automation","url":"https:\/\/engineering-automation.de\/","logo":{"@type":"ImageObject","inLanguage":"en-GB","@id":"https:\/\/engineering-automation.de\/#\/schema\/logo\/image\/","url":"https:\/\/engineering-automation.de\/wp-content\/uploads\/2025\/05\/ENGINEERING-AUTOMATION_LOGO_FINAL.svg","contentUrl":"https:\/\/engineering-automation.de\/wp-content\/uploads\/2025\/05\/ENGINEERING-AUTOMATION_LOGO_FINAL.svg","width":814,"height":400,"caption":"Leistungszentrum Engineering Automation"},"image":{"@id":"https:\/\/engineering-automation.de\/#\/schema\/logo\/image\/"}}]}},"_links":{"self":[{"href":"https:\/\/engineering-automation.de\/en\/wp-json\/wp\/v2\/pages\/3098","targetHints":{"allow":["GET"]}}],"collection":[{"href":"https:\/\/engineering-automation.de\/en\/wp-json\/wp\/v2\/pages"}],"about":[{"href":"https:\/\/engineering-automation.de\/en\/wp-json\/wp\/v2\/types\/page"}],"author":[{"embeddable":true,"href":"https:\/\/engineering-automation.de\/en\/wp-json\/wp\/v2\/users\/2"}],"replies":[{"embeddable":true,"href":"https:\/\/engineering-automation.de\/en\/wp-json\/wp\/v2\/comments?post=3098"}],"version-history":[{"count":22,"href":"https:\/\/engineering-automation.de\/en\/wp-json\/wp\/v2\/pages\/3098\/revisions"}],"predecessor-version":[{"id":3121,"href":"https:\/\/engineering-automation.de\/en\/wp-json\/wp\/v2\/pages\/3098\/revisions\/3121"}],"wp:attachment":[{"href":"https:\/\/engineering-automation.de\/en\/wp-json\/wp\/v2\/media?parent=3098"}],"curies":[{"name":"wp","href":"https:\/\/api.w.org\/{rel}","templated":true}]}}